{"id":320,"date":"2025-10-31T04:55:21","date_gmt":"2025-10-31T04:55:21","guid":{"rendered":"https:\/\/rdk-hellheim.com\/?page_id=320"},"modified":"2025-10-31T15:40:32","modified_gmt":"2025-10-31T15:40:32","slug":"philosophy","status":"publish","type":"page","link":"https:\/\/rdk-hellheim.com\/index.php\/philosophy\/","title":{"rendered":"PHILOSOPHY"},"content":{"rendered":"<p>[et_pb_section fb_built=\u00bb1&#8243; _builder_version=\u00bb4.27.4&#8243; _module_preset=\u00bbdefault\u00bb background_color=\u00bb#000000&#8243; global_colors_info=\u00bb{}\u00bb][\/et_pb_section][et_pb_section fb_built=\u00bb1&#8243; _builder_version=\u00bb4.27.4&#8243; _module_preset=\u00bbdefault\u00bb background_color=\u00bb#000000&#8243; background_image=\u00bbhttps:\/\/rdk-hellheim.com\/wp-content\/uploads\/2025\/10\/fondo-rdk.jpg\u00bb parallax=\u00bbon\u00bb parallax_method=\u00bboff\u00bb custom_padding=\u00bb0px||0px|||\u00bb global_colors_info=\u00bb{}\u00bb][et_pb_row _builder_version=\u00bb4.27.4&#8243; _module_preset=\u00bbdefault\u00bb background_color=\u00bbrgba(0,0,0,0.6)\u00bb width=\u00bb100%\u00bb max_width=\u00bb2560px\u00bb custom_padding=\u00bb12%|8%|12%|8%|true|true\u00bb global_colors_info=\u00bb{}\u00bb][et_pb_column type=\u00bb4_4&#8243; _builder_version=\u00bb4.27.4&#8243; _module_preset=\u00bbdefault\u00bb global_colors_info=\u00bb{}\u00bb][et_pb_text _builder_version=\u00bb4.27.4&#8243; _module_preset=\u00bbdefault\u00bb text_text_color=\u00bb#FFFFFF\u00bb text_font_size=\u00bb20px\u00bb text_orientation=\u00bbjustified\u00bb hover_enabled=\u00bb0&#8243; global_colors_info=\u00bb{}\u00bb text_font=\u00bbHelvetica Neue Medium||||||||\u00bb sticky_enabled=\u00bb0&#8243;]<\/p>\n<p>Fundado en 2022 en Santiago de Chile, <strong>Radikals Techno<\/strong> se erige como un espacio independiente que aspira a preservar la cultura del techno en su forma m\u00e1s aut\u00e9ntica. En un entorno donde la m\u00fasica es frecuentemente consumida como espect\u00e1culo, este club propone una alternativa: una estructura que prioriza la integridad sonora, la presencia colectiva y el respeto irrestricto. En <strong>Radikals Techno<\/strong> no existen jerarqu\u00edas visibles, no se fomenta la exhibici\u00f3n personal ni la b\u00fasqueda de popularidad; en cambio, se cultivan principios de igualdad, consentimiento y disoluci\u00f3n de las barreras externas al ritual de la pista de baile. Alineados con legados europeos de Berl\u00edn y su escena underground, rechazamos cualquier forma de discriminaci\u00f3n, violencia o exclusi\u00f3n. Creemos que un club debe ser un entorno seguro para todxs, donde la apreciaci\u00f3n del sonido se combina con el cuidado mutuo, la responsabilidad compartida y la continuidad de un movimiento que no se adapta al mercado sino que persiste. <strong>Radikals Techno<\/strong> no busca definirse como marca; aspira a funcionar como plataforma, como estructura viva que sostiene una comunidad de personas que no escapan del ruido, sino\u00a0que\u00a0lo\u00a0habitan.<\/p>\n<p>[\/et_pb_text][\/et_pb_column][\/et_pb_row][\/et_pb_section]<\/p>\n","protected":false},"excerpt":{"rendered":"<p>Fundado en 2022 en Santiago de Chile, Radikals Techno se erige como un espacio independiente que aspira a preservar la cultura del techno en su forma m\u00e1s aut\u00e9ntica. En un entorno donde la m\u00fasica es frecuentemente consumida como espect\u00e1culo, este club propone una alternativa: una estructura que prioriza la integridad sonora, la presencia colectiva y [&hellip;]<\/p>\n","protected":false},"author":1,"featured_media":0,"parent":0,"menu_order":0,"comment_status":"closed","ping_status":"closed","template":"","meta":{"_et_pb_use_builder":"on","_et_pb_old_content":"","_et_gb_content_width":"","footnotes":""},"class_list":["post-320","page","type-page","status-publish","hentry"],"_links":{"self":[{"href":"https:\/\/rdk-hellheim.com\/index.php\/wp-json\/wp\/v2\/pages\/320","targetHints":{"allow":["GET"]}}],"collection":[{"href":"https:\/\/rdk-hellheim.com\/index.php\/wp-json\/wp\/v2\/pages"}],"about":[{"href":"https:\/\/rdk-hellheim.com\/index.php\/wp-json\/wp\/v2\/types\/page"}],"author":[{"embeddable":true,"href":"https:\/\/rdk-hellheim.com\/index.php\/wp-json\/wp\/v2\/users\/1"}],"replies":[{"embeddable":true,"href":"https:\/\/rdk-hellheim.com\/index.php\/wp-json\/wp\/v2\/comments?post=320"}],"version-history":[{"count":11,"href":"https:\/\/rdk-hellheim.com\/index.php\/wp-json\/wp\/v2\/pages\/320\/revisions"}],"predecessor-version":[{"id":366,"href":"https:\/\/rdk-hellheim.com\/index.php\/wp-json\/wp\/v2\/pages\/320\/revisions\/366"}],"wp:attachment":[{"href":"https:\/\/rdk-hellheim.com\/index.php\/wp-json\/wp\/v2\/media?parent=320"}],"curies":[{"name":"wp","href":"https:\/\/api.w.org\/{rel}","templated":true}]}}